{"id":1348632,"date":"2022-01-25T17:19:18","date_gmt":"2022-01-25T09:19:18","guid":{"rendered":"https:\/\/www.tci-bio.com\/founder\/"},"modified":"2022-05-19T11:25:46","modified_gmt":"2022-05-19T03:25:46","slug":"fundador","status":"publish","type":"page","link":"https:\/\/www.tci-bio.com\/es\/fundador\/","title":{"rendered":"Palabras del fundador"},"content":{"rendered":"\t\t<div data-elementor-type=\"wp-page\" data-elementor-id=\"1348632\" class=\"elementor elementor-1348632 elementor-3100\" data-elementor-post-type=\"page\">\n\t\t\t\t\t\t<section class=\"elementor-section elementor-top-section elementor-element elementor-element-7d388b2 elementor-section-full_width elementor-section-height-default elementor-section-height-default\" data-id=\"7d388b2\" data-element_type=\"section\" data-settings=\"{&quot;jet_parallax_layout_list&quot;:[{&quot;jet_parallax_layout_image&quot;:{&quot;url&quot;:&quot;&quot;,&quot;id&quot;:&quot;&quot;,&quot;size&quot;:&quot;&quot;},&quot;_id&quot;:&quot;a7b53d1&quot;,&quot;jet_parallax_layout_image_tablet&quot;:{&quot;url&quot;:&quot;&quot;,&quot;id&quot;:&quot;&quot;,&quot;size&quot;:&quot;&quot;},&quot;jet_parallax_layout_image_mobile&quot;:{&quot;url&quot;:&quot;&quot;,&quot;id&quot;:&quot;&quot;,&quot;size&quot;:&quot;&quot;},&quot;jet_parallax_layout_speed&quot;:{&quot;unit&quot;:&quot;%&quot;,&quot;size&quot;:50,&quot;sizes&quot;:[]},&quot;jet_parallax_layout_type&quot;:&quot;scroll&quot;,&quot;jet_parallax_layout_direction&quot;:&quot;1&quot;,&quot;jet_parallax_layout_fx_direction&quot;:null,&quot;jet_parallax_layout_z_index&quot;:&quot;&quot;,&quot;jet_parallax_layout_bg_x&quot;:50,&quot;jet_parallax_layout_bg_x_tablet&quot;:&quot;&quot;,&quot;jet_parallax_layout_bg_x_mobile&quot;:&quot;&quot;,&quot;jet_parallax_layout_bg_y&quot;:50,&quot;jet_parallax_layout_bg_y_tablet&quot;:&quot;&quot;,&quot;jet_parallax_layout_bg_y_mobile&quot;:&quot;&quot;,&quot;jet_parallax_layout_bg_size&quot;:&quot;auto&quot;,&quot;jet_parallax_layout_bg_size_tablet&quot;:&quot;&quot;,&quot;jet_parallax_layout_bg_size_mobile&quot;:&quot;&quot;,&quot;jet_parallax_layout_animation_prop&quot;:&quot;transform&quot;,&quot;jet_parallax_layout_on&quot;:[&quot;desktop&quot;,&quot;tablet&quot;]}]}\">\n\t\t\t\t\t\t<div class=\"elementor-container elementor-column-gap-no\">\n\t\t\t\t\t<div class=\"elementor-column elementor-col-100 elementor-top-column elementor-element elementor-element-6fa6aab\" data-id=\"6fa6aab\" data-element_type=\"column\">\n\t\t\t<div class=\"elementor-widget-wrap elementor-element-populated\">\n\t\t\t\t\t\t<div class=\"elementor-element elementor-element-4c54c0b elementor-widget elementor-widget-ucaddon_hero1\" data-id=\"4c54c0b\" data-element_type=\"widget\" data-widget_type=\"ucaddon_hero1.default\">\n\t\t\t\t<div class=\"elementor-widget-container\">\n\t\t\t\t\t\n<!-- start Hero1 -->\n<style>\/* widget: Hero1 *\/\n\n.uc_hero1_elementor_4c54c0b.tci_hero_normal {\n  --hero-content-line-height: 1.86;\n  --hero-title-font-size: 36px;\n  --hero-title-md-font-size: 32px;\n  --hero-subtitle-font-size: 18px;\n  --hero-description-font-size: 18px;\n  --hero-description-max-width: 700px;\n}\n\n.uc_hero1_elementor_4c54c0b .tci_hero_normal_body {\n  position: relative;\n  overflow: hidden;\n  color: #fff;\n  line-height: 0;\n}\n\n.uc_hero1_elementor_4c54c0b .tci_hero_normal_body img {\n  width: 100%;\n  max-width: 100%;\n  object-position: center;\n  max-height: 100vh;\n  min-height: 400px;\n  object-fit: cover;\n}\n\n.uc_hero1_elementor_4c54c0b .tci_hero_normal_body_content {\n  width: 100%;\n  height: 100%;\n  position: absolute;\n  top: 0;\n  display: flex;\n  align-items: center;\n  transform: translateX(-50%);\n  left: 50%;\n  line-height: var(--hero-content-line-height);\n}\n\n.uc_hero1_elementor_4c54c0b .tci_hero_normal_body_subtitle {\n  font-size: var(--hero-subtitle-font-size);\n  font-weight: 400;\n}\n\n.uc_hero1_elementor_4c54c0b .tci_hero_normal_body_title {\n  font-size: var(--hero-title-md-font-size);\n}\n\n.uc_hero1_elementor_4c54c0b .tci_hero_normal_body_description {\n  font-size: var(--hero-description-font-size);\n  margin: 0;\n  max-width: var(--hero-description-max-width);\n}\n\n@media screen and (min-width: 1100px) {\n  .uc_hero1_elementor_4c54c0b .tci_hero_normal_body_title {\n    font-size: var(--hero-title-font-size);\n  }\n}\n\n<\/style>\n\n<div class=\"uc_hero1_elementor_4c54c0b tci_hero_normal\">\n  <div class=\"tci_hero_normal_body\">\n    <img fetchpriority=\"high\" decoding=\"async\" src=\"https:\/\/www.tci-bio.com\/wp-content\/uploads\/2022\/02\/2E5A8419.jpg\"  src=\"https:\/\/www.tci-bio.com\/wp-content\/uploads\/2022\/02\/2E5A8419.jpg\" alt=\"TCI\u5927\u6c5f\u751f\u91ab\u96c6\u5718-\u5168\u7403\u4fdd\u5065\u98df\u54c1\u53ca\u4fdd\u990a\u54c1\u4ee3\u5de5\u5ee0\/ODM\/OEM\/CDMO\" width=\"1302\" height=\"469\" >\n    <div class=\"tci_hero_normal_body_content tci_container\">\n      <div>\n                              <\/div>\n    <\/div>\n  <\/div>\n<\/div>\n<!-- end Hero1 -->\t\t\t\t<\/div>\n\t\t\t\t<\/div>\n\t\t\t\t\t<\/div>\n\t\t<\/div>\n\t\t\t\t\t<\/div>\n\t\t<\/section>\n\t\t\t\t<section class=\"elementor-section elementor-top-section elementor-element elementor-element-251cba2 elementor-section-full_width elementor-section-height-default elementor-section-height-default\" data-id=\"251cba2\" data-element_type=\"section\" data-settings=\"{&quot;jet_parallax_layout_list&quot;:[{&quot;jet_parallax_layout_image&quot;:{&quot;url&quot;:&quot;&quot;,&quot;id&quot;:&quot;&quot;,&quot;size&quot;:&quot;&quot;},&quot;_id&quot;:&quot;a2f1763&quot;,&quot;jet_parallax_layout_image_tablet&quot;:{&quot;url&quot;:&quot;&quot;,&quot;id&quot;:&quot;&quot;,&quot;size&quot;:&quot;&quot;},&quot;jet_parallax_layout_image_mobile&quot;:{&quot;url&quot;:&quot;&quot;,&quot;id&quot;:&quot;&quot;,&quot;size&quot;:&quot;&quot;},&quot;jet_parallax_layout_speed&quot;:{&quot;unit&quot;:&quot;%&quot;,&quot;size&quot;:50,&quot;sizes&quot;:[]},&quot;jet_parallax_layout_type&quot;:&quot;scroll&quot;,&quot;jet_parallax_layout_direction&quot;:&quot;1&quot;,&quot;jet_parallax_layout_fx_direction&quot;:null,&quot;jet_parallax_layout_z_index&quot;:&quot;&quot;,&quot;jet_parallax_layout_bg_x&quot;:50,&quot;jet_parallax_layout_bg_x_tablet&quot;:&quot;&quot;,&quot;jet_parallax_layout_bg_x_mobile&quot;:&quot;&quot;,&quot;jet_parallax_layout_bg_y&quot;:50,&quot;jet_parallax_layout_bg_y_tablet&quot;:&quot;&quot;,&quot;jet_parallax_layout_bg_y_mobile&quot;:&quot;&quot;,&quot;jet_parallax_layout_bg_size&quot;:&quot;auto&quot;,&quot;jet_parallax_layout_bg_size_tablet&quot;:&quot;&quot;,&quot;jet_parallax_layout_bg_size_mobile&quot;:&quot;&quot;,&quot;jet_parallax_layout_animation_prop&quot;:&quot;transform&quot;,&quot;jet_parallax_layout_on&quot;:[&quot;desktop&quot;,&quot;tablet&quot;]}]}\">\n\t\t\t\t\t\t<div class=\"elementor-container elementor-column-gap-no\">\n\t\t\t\t\t<div class=\"elementor-column elementor-col-100 elementor-top-column elementor-element elementor-element-c195da2\" data-id=\"c195da2\" data-element_type=\"column\">\n\t\t\t<div class=\"elementor-widget-wrap elementor-element-populated\">\n\t\t\t\t\t\t<div class=\"elementor-element elementor-element-38209a7 elementor-widget elementor-widget-ucaddon_breadcrumbs\" data-id=\"38209a7\" data-element_type=\"widget\" data-widget_type=\"ucaddon_breadcrumbs.default\">\n\t\t\t\t<div class=\"elementor-widget-container\">\n\t\t\t\t\t\n<!-- start Breadcrumbs -->\n\n<div id=\"breadcrumbs\" class=\"tci_container \">\n  <span><span><a href=\"https:\/\/www.tci-bio.com\/es\/\">Home<\/a><\/span><\/span>\n<\/div>\n<!-- end Breadcrumbs -->\t\t\t\t<\/div>\n\t\t\t\t<\/div>\n\t\t\t\t\t<\/div>\n\t\t<\/div>\n\t\t\t\t\t<\/div>\n\t\t<\/section>\n\t\t\t\t<section class=\"elementor-section elementor-top-section elementor-element elementor-element-cca53af elementor-section-full_width elementor-section-height-default elementor-section-height-default\" data-id=\"cca53af\" data-element_type=\"section\" data-settings=\"{&quot;jet_parallax_layout_list&quot;:[{&quot;jet_parallax_layout_image&quot;:{&quot;url&quot;:&quot;&quot;,&quot;id&quot;:&quot;&quot;,&quot;size&quot;:&quot;&quot;},&quot;_id&quot;:&quot;0231d40&quot;,&quot;jet_parallax_layout_image_tablet&quot;:{&quot;url&quot;:&quot;&quot;,&quot;id&quot;:&quot;&quot;,&quot;size&quot;:&quot;&quot;},&quot;jet_parallax_layout_image_mobile&quot;:{&quot;url&quot;:&quot;&quot;,&quot;id&quot;:&quot;&quot;,&quot;size&quot;:&quot;&quot;},&quot;jet_parallax_layout_speed&quot;:{&quot;unit&quot;:&quot;%&quot;,&quot;size&quot;:50,&quot;sizes&quot;:[]},&quot;jet_parallax_layout_type&quot;:&quot;scroll&quot;,&quot;jet_parallax_layout_direction&quot;:&quot;1&quot;,&quot;jet_parallax_layout_fx_direction&quot;:null,&quot;jet_parallax_layout_z_index&quot;:&quot;&quot;,&quot;jet_parallax_layout_bg_x&quot;:50,&quot;jet_parallax_layout_bg_x_tablet&quot;:&quot;&quot;,&quot;jet_parallax_layout_bg_x_mobile&quot;:&quot;&quot;,&quot;jet_parallax_layout_bg_y&quot;:50,&quot;jet_parallax_layout_bg_y_tablet&quot;:&quot;&quot;,&quot;jet_parallax_layout_bg_y_mobile&quot;:&quot;&quot;,&quot;jet_parallax_layout_bg_size&quot;:&quot;auto&quot;,&quot;jet_parallax_layout_bg_size_tablet&quot;:&quot;&quot;,&quot;jet_parallax_layout_bg_size_mobile&quot;:&quot;&quot;,&quot;jet_parallax_layout_animation_prop&quot;:&quot;transform&quot;,&quot;jet_parallax_layout_on&quot;:[&quot;desktop&quot;,&quot;tablet&quot;]}]}\">\n\t\t\t\t\t\t<div class=\"elementor-container elementor-column-gap-no\">\n\t\t\t\t\t<div class=\"elementor-column elementor-col-100 elementor-top-column elementor-element elementor-element-4cf26aa\" data-id=\"4cf26aa\" data-element_type=\"column\">\n\t\t\t<div class=\"elementor-widget-wrap elementor-element-populated\">\n\t\t\t\t\t\t<div class=\"elementor-element elementor-element-9325082 elementor-widget elementor-widget-ucaddon_foundermessage\" data-id=\"9325082\" data-element_type=\"widget\" data-widget_type=\"ucaddon_foundermessage.default\">\n\t\t\t\t<div class=\"elementor-widget-container\">\n\t\t\t\t\t\n<!-- start FounderMessage -->\n<style>\/* widget: FounderMessage *\/\n\n.tci_founder_message {\n  --section-title-font-size: 24px; \n  --section-experiences-font-size: 16px;\n  --section-experiences-font-size-md: 16px;\n}\n\n.tci_founder_message hr {\n  margin: 70px 0;\n}\n\n.tci_founder_grid {\n  display: grid;\n  grid-template-columns: repeat(1, minmax(0, 1fr));\n  gap: 36px;\n  align-items: center;\n  letter-spacing: 0.05em;\n  line-height: 1.85;\n}\n\n.tci_founder_image img {\n  max-width: 100%;\n}\n\n.tci_founder_intro_title {\n  font-size: var(--section-title-font-size);\n  font-weight: 500;\n}\n\n.tci_founder_intro_part + .tci_founder_intro_part {\n  margin-top: 50px;\n}\n\n.tci_founder_name {\n  font-size: 48px;\n  letter-spacing: 0.3em;\n}\n\n.tci_founder_experiences_list {\n  font-size: var(--section-experiences-font-size-md);\n  padding-left: 40px;\n  list-style-type: disc;\n}\n\n@media screen and (min-width: 1300px) {\n  .tci_founder_intro_part + .tci_founder_intro_part {\n    margin-top: 50px;\n  }\n}\n\n@media screen and (min-width: 1100px) {\n  .tci_founder_grid {\n    grid-template-columns: repeat(2, minmax(0, 1fr));\n   \tgap: 60px; \n  }\n\n  .tci_founder_message {\n    grid-column: 1 \/ span 2;\n  }\n\n  .tci_founder_experiences_list {\n    font-size: var(--section-experiences-font-size);\n  }\n}\n\n<\/style>\n\n<div class=\"tci_section tci_founder_message\">\n  <div class=\"tci_container\">\n    <div class=\"tci_founder_grid\">\n      <div class=\"tci_founder_image\">\n        <img decoding=\"async\" src=\"https:\/\/www.tci-bio.com\/wp-content\/uploads\/2022\/01\/\u694a\u6b66\u7537.jpg\"  src=\"https:\/\/www.tci-bio.com\/wp-content\/uploads\/2022\/01\/\u694a\u6b66\u7537.jpg\" alt=\"\u694a\u6b66\u7537\" width=\"662\" height=\"634\">\n      <\/div>\n      <div class=\"tci_founder_intro\">\n        <div class=\"tci_founder_intro_part\">\n          <h2 class=\"tci_founder_intro_title\">Fundador<\/h2>\n          <h3 class=\"tci_founder_name\">Se\u00f1or Yang Wunan<\/h3>\n        <\/div>\n        <div class=\"tci_founder_intro_part\">\n          <h2 class=\"tci_founder_intro_title\">Antecedentes<\/h2>\n          <ul class=\"tci_founder_experiences_list\">\n            <li>Fundador &amp; presidente honorario de TCI<\/li>\n<li>Licenciado de la facultado de econom\u00eda de la Universidad de Taiw\u00e1n<\/li>\n\n          <\/ul>\n        <\/div>\n      <\/div>\n      <div class=\"tci_founder_message\">\n        <h2 class=\"tci_founder_intro_title\"><h1 class=\"tci_founder_intro_title\">Palabras del fundador<\/h1><\/h2>\n        <p>Estudi\u00e9 la econom\u00eda. Creo que la oferta y demanda siempre es la fuerza para el desarrollo del modo comercial humano, lo que constituye la comprensi\u00f3n que he resumido durante mi trabajo. A diferencia de otras personas, considero que la oferta debe evolucionar con las necesidades de las \u00e9pocas, y este concepto tambi\u00e9n ha creado la historia de crecimiento de TCI.<\/p>\n<p>En el a\u00f1o 1980 cuando el comercio desarrollaba vigorosamente en Taiw\u00e1n, fund\u00e9 el predecesor de TCI, llamado TCI Industrial. En aquel entonces, los que el mundo necesitaba de Taiw\u00e1n eran principalmente los textiles, materiales de construcci\u00f3n y productos tecnol\u00f3gicos. Hasta el a\u00f1o 2000, el modo mediador entre la oferta y la demanda tuvo un cambio revolucionario, y tambi\u00e9n oblig\u00f3 que TCI Industrial enfrentara la transformaci\u00f3n. Tenemos conocimientos comerciales maduros, as\u00ed como muchas experiencias en la participaci\u00f3n en la gesti\u00f3n de compa\u00f1\u00edas de tecnolog\u00eda cotizadas, pero \u00bfc\u00f3mo evoluciona en respuesta a las necesidades de la \u00e9poca?<br \/>En aquel momento, hab\u00eda muchas personas de talento biom\u00e9dicas sobresalientes y productos agr\u00edcolas buenos en Taiw\u00e1n, y vi que las necesidades de nivel superior del ser humano ser\u00edan el deseo de salud y belleza, por eso, decid\u00ed establecer la divisi\u00f3n biom\u00e9dica y tomar un camino que pocas empresas eligieron entonces, contribuyendo al \u00e9xito de la actual TCI.<\/p>\n<p>El camino de TCI pasando del comercio a la biotecnolog\u00eda parece diferente, pero efectivamente, la persistencia detr\u00e1s de \u00e9l es la misma, percibimos la demanda y establecemos la oferta; Para responder r\u00e1pidamente a los cambios de mercado y al impacto de la epidemia, en 2020 fue instituida en el mundo una VGO tras otra (oficina global virtual), que puede iniciar una importante conferencia internacional con una sola tecla y abrir completamente los servicios en l\u00ednea.<\/p>\n<p>Asimismo, continuamos invirtiendo en la expansi\u00f3n del mercado mundial y desarrollamos un layout estrat\u00e9gico. Para cada pa\u00eds, adem\u00e1s de desarrollar las necesidades locales, tambi\u00e9n llevamos las marcas japonesas locales a todos los lugares del mundo, y en particular, optamos por establecer l\u00edneas de producci\u00f3n en el mercado libre de los Estados Unidos, ya que a trav\u00e9s de la producci\u00f3n y venta internacional de B2B, podemos impulsar las tendencias de mercado por la oferta, guiar las necesidades de los usuarios y superar el comportamiento de la oferta y la demanda normalmente conocido. TCI siempre insiste en adquirir beneficios a favor de los clientes y servir a los consumidores. Durante los servicios profesionales de ODM, creamos productos de alta eficacia a trav\u00e9s del m\u00e9todo de dise\u00f1o biointegrado, a prop\u00f3sito de unirse y mejorar la vida de los consumidores.<\/p>\n      <\/div>\n    <\/div>\n\n    <hr>\n\n    <div class=\"tci_signature\">\n      <div class=\"tci_signature_title\">Fundador de TCI<\/div>\n      <div>\n        <img decoding=\"async\" src=\"https:\/\/www.tci-bio.com\/wp-content\/uploads\/2022\/02\/eb0eb214-5ca0-4cb6-8ece-3752db1a2f79-e1644998875828.png\"  src=\"https:\/\/www.tci-bio.com\/wp-content\/uploads\/2022\/02\/eb0eb214-5ca0-4cb6-8ece-3752db1a2f79-e1644998875828.png\" alt=\"\u5275\u8fa6\u4eba\u694a\u6b66\u7537\u7684\u7c3d\u540d\uff5cTCI\u5927\u6c5f\u751f\u91ab\u96c6\u5718-\u5168\u7403\u4fdd\u5065\u98df\u54c1\u53ca\u4fdd\u990a\u54c1\u4ee3\u5de5\u5ee0\/ODM\/OEM\/CDMO\" width=\"300\" height=\"109\">\n      <\/div>\n    <\/div>\n  <\/div>\n<\/div>\n<!-- end FounderMessage -->\t\t\t\t<\/div>\n\t\t\t\t<\/div>\n\t\t\t\t\t<\/div>\n\t\t<\/div>\n\t\t\t\t\t<\/div>\n\t\t<\/section>\n\t\t\t\t<\/div>\n\t\t","protected":false},"excerpt":{"rendered":"<p>Home Fundador Se\u00f1or Yang Wunan Antecedentes Fundador &amp; presidente honorario de TCI Licenciado de la facultado de econom\u00eda de la Universidad de Taiw\u00e1n Palabras del fundador Estudi\u00e9 la econom\u00eda. Creo que la oferta y demanda siempre es la fuerza para el desarrollo del modo comercial humano, lo que constituye la comprensi\u00f3n que he resumido durante [&hellip;]<\/p>\n","protected":false},"author":4,"featured_media":0,"parent":0,"menu_order":47,"comment_status":"closed","ping_status":"closed","template":"","meta":{"_acf_changed":false,"footnotes":""},"class_list":["post-1348632","page","type-page","status-publish","hentry"],"acf":[],"yoast_head":"<!-- This site is optimized with the Yoast SEO plugin v26.5 - https:\/\/yoast.com\/wordpress\/plugins\/seo\/ -->\n<title>Palabras del fundador | TCI<\/title>\n<meta name=\"description\" content=\"Home Fundador Se\u00f1or Yang Wunan Antecedentes Fundador &amp; presidente honorario de TCI Licenciado de la facultado de econom\u00eda de la Universidad de Taiw\u00e1n... F\u00e1brica ODM de dise\u00f1o de alimentos de cuidado de salud\/mascarillas faciales y alimentos de cuidado de piel\" \/>\n<meta name=\"robots\" content=\"index, follow, max-snippet:-1, max-image-preview:large, max-video-preview:-1\" \/>\n<link rel=\"canonical\" href=\"https:\/\/www.tci-bio.com\/es\/fundador\/\" \/>\n<meta property=\"og:locale\" content=\"es_ES\" \/>\n<meta property=\"og:type\" content=\"article\" \/>\n<meta property=\"og:title\" content=\"Palabras del fundador | TCI\" \/>\n<meta property=\"og:description\" content=\"Home Fundador Se\u00f1or Yang Wunan Antecedentes Fundador &amp; presidente honorario de TCI Licenciado de la facultado de econom\u00eda de la Universidad de Taiw\u00e1n... F\u00e1brica ODM de dise\u00f1o de alimentos de cuidado de salud\/mascarillas faciales y alimentos de cuidado de piel\" \/>\n<meta property=\"og:url\" content=\"https:\/\/www.tci-bio.com\/es\/fundador\/\" \/>\n<meta property=\"og:site_name\" content=\"TCI\" \/>\n<meta property=\"article:publisher\" content=\"https:\/\/www.facebook.com\/tci.bio\/\" \/>\n<meta property=\"article:modified_time\" content=\"2022-05-19T03:25:46+00:00\" \/>\n<meta property=\"og:image\" content=\"https:\/\/www.tci-bio.com\/wp-content\/uploads\/2022\/02\/2E5A8419.jpg\" \/>\n<meta name=\"twitter:card\" content=\"summary_large_image\" \/>\n<meta name=\"twitter:label1\" content=\"Tiempo de lectura\" \/>\n\t<meta name=\"twitter:data1\" content=\"4 minutos\" \/>\n<script type=\"application\/ld+json\" class=\"yoast-schema-graph\">{\"@context\":\"https:\/\/schema.org\",\"@graph\":[{\"@type\":\"WebPage\",\"@id\":\"https:\/\/www.tci-bio.com\/es\/fundador\/\",\"url\":\"https:\/\/www.tci-bio.com\/es\/fundador\/\",\"name\":\"Palabras del fundador | TCI\",\"isPartOf\":{\"@id\":\"https:\/\/www.tci-bio.com\/es\/#website\"},\"primaryImageOfPage\":{\"@id\":\"https:\/\/www.tci-bio.com\/es\/fundador\/#primaryimage\"},\"image\":{\"@id\":\"https:\/\/www.tci-bio.com\/es\/fundador\/#primaryimage\"},\"thumbnailUrl\":\"https:\/\/www.tci-bio.com\/wp-content\/uploads\/2022\/02\/2E5A8419.jpg\",\"datePublished\":\"2022-01-25T09:19:18+00:00\",\"dateModified\":\"2022-05-19T03:25:46+00:00\",\"description\":\"Home Fundador Se\u00f1or Yang Wunan Antecedentes Fundador &amp; presidente honorario de TCI Licenciado de la facultado de econom\u00eda de la Universidad de Taiw\u00e1n... F\u00e1brica ODM de dise\u00f1o de alimentos de cuidado de salud\/mascarillas faciales y alimentos de cuidado de piel\",\"breadcrumb\":{\"@id\":\"https:\/\/www.tci-bio.com\/es\/fundador\/#breadcrumb\"},\"inLanguage\":\"es\",\"potentialAction\":[{\"@type\":\"ReadAction\",\"target\":[\"https:\/\/www.tci-bio.com\/es\/fundador\/\"]}]},{\"@type\":\"ImageObject\",\"inLanguage\":\"es\",\"@id\":\"https:\/\/www.tci-bio.com\/es\/fundador\/#primaryimage\",\"url\":\"https:\/\/www.tci-bio.com\/wp-content\/uploads\/2022\/02\/2E5A8419.jpg\",\"contentUrl\":\"https:\/\/www.tci-bio.com\/wp-content\/uploads\/2022\/02\/2E5A8419.jpg\"},{\"@type\":\"BreadcrumbList\",\"@id\":\"https:\/\/www.tci-bio.com\/es\/fundador\/#breadcrumb\",\"itemListElement\":[{\"@type\":\"ListItem\",\"position\":1,\"name\":\"Home\",\"item\":\"https:\/\/www.tci-bio.com\/es\/\"},{\"@type\":\"ListItem\",\"position\":2,\"name\":\"Palabras del fundador\"}]},{\"@type\":\"WebSite\",\"@id\":\"https:\/\/www.tci-bio.com\/es\/#website\",\"url\":\"https:\/\/www.tci-bio.com\/es\/\",\"name\":\"TCI\",\"description\":\"F\u00e1brica ODM de dise\u00f1o de alimentos de cuidado de salud\/mascarillas faciales y alimentos de cuidado de piel\",\"publisher\":{\"@id\":\"https:\/\/www.tci-bio.com\/es\/#organization\"},\"potentialAction\":[{\"@type\":\"SearchAction\",\"target\":{\"@type\":\"EntryPoint\",\"urlTemplate\":\"https:\/\/www.tci-bio.com\/es\/?s={search_term_string}\"},\"query-input\":{\"@type\":\"PropertyValueSpecification\",\"valueRequired\":true,\"valueName\":\"search_term_string\"}}],\"inLanguage\":\"es\"},{\"@type\":\"Organization\",\"@id\":\"https:\/\/www.tci-bio.com\/es\/#organization\",\"name\":\"TCI Co., Ltd (\u5927\u6c5f\u751f\u91ab\u80a1\u4efd\u6709\u9650\u516c\u53f8)\",\"url\":\"https:\/\/www.tci-bio.com\/es\/\",\"logo\":{\"@type\":\"ImageObject\",\"inLanguage\":\"es\",\"@id\":\"https:\/\/www.tci-bio.com\/es\/#\/schema\/logo\/image\/\",\"url\":\"https:\/\/www.tci-bio.com\/wp-content\/uploads\/2022\/04\/TCI_Group_logo-2.svg\",\"contentUrl\":\"https:\/\/www.tci-bio.com\/wp-content\/uploads\/2022\/04\/TCI_Group_logo-2.svg\",\"width\":120,\"height\":60,\"caption\":\"TCI Co., Ltd (\u5927\u6c5f\u751f\u91ab\u80a1\u4efd\u6709\u9650\u516c\u53f8)\"},\"image\":{\"@id\":\"https:\/\/www.tci-bio.com\/es\/#\/schema\/logo\/image\/\"},\"sameAs\":[\"https:\/\/www.facebook.com\/tci.bio\/\",\"https:\/\/www.linkedin.com\/company\/tci-co-ltd\/\",\"https:\/\/www.youtube.com\/user\/tcino1\",\"https:\/\/zh.wikipedia.org\/wiki\/\u5927\u6c5f\u751f\u91ab\"]}]}<\/script>\n<!-- \/ Yoast SEO plugin. -->","yoast_head_json":{"title":"Palabras del fundador | TCI","description":"Home Fundador Se\u00f1or Yang Wunan Antecedentes Fundador &amp; presidente honorario de TCI Licenciado de la facultado de econom\u00eda de la Universidad de Taiw\u00e1n... F\u00e1brica ODM de dise\u00f1o de alimentos de cuidado de salud\/mascarillas faciales y alimentos de cuidado de piel","robots":{"index":"index","follow":"follow","max-snippet":"max-snippet:-1","max-image-preview":"max-image-preview:large","max-video-preview":"max-video-preview:-1"},"canonical":"https:\/\/www.tci-bio.com\/es\/fundador\/","og_locale":"es_ES","og_type":"article","og_title":"Palabras del fundador | TCI","og_description":"Home Fundador Se\u00f1or Yang Wunan Antecedentes Fundador &amp; presidente honorario de TCI Licenciado de la facultado de econom\u00eda de la Universidad de Taiw\u00e1n... F\u00e1brica ODM de dise\u00f1o de alimentos de cuidado de salud\/mascarillas faciales y alimentos de cuidado de piel","og_url":"https:\/\/www.tci-bio.com\/es\/fundador\/","og_site_name":"TCI","article_publisher":"https:\/\/www.facebook.com\/tci.bio\/","article_modified_time":"2022-05-19T03:25:46+00:00","og_image":[{"url":"https:\/\/www.tci-bio.com\/wp-content\/uploads\/2022\/02\/2E5A8419.jpg","type":"","width":"","height":""}],"twitter_card":"summary_large_image","twitter_misc":{"Tiempo de lectura":"4 minutos"},"schema":{"@context":"https:\/\/schema.org","@graph":[{"@type":"WebPage","@id":"https:\/\/www.tci-bio.com\/es\/fundador\/","url":"https:\/\/www.tci-bio.com\/es\/fundador\/","name":"Palabras del fundador | TCI","isPartOf":{"@id":"https:\/\/www.tci-bio.com\/es\/#website"},"primaryImageOfPage":{"@id":"https:\/\/www.tci-bio.com\/es\/fundador\/#primaryimage"},"image":{"@id":"https:\/\/www.tci-bio.com\/es\/fundador\/#primaryimage"},"thumbnailUrl":"https:\/\/www.tci-bio.com\/wp-content\/uploads\/2022\/02\/2E5A8419.jpg","datePublished":"2022-01-25T09:19:18+00:00","dateModified":"2022-05-19T03:25:46+00:00","description":"Home Fundador Se\u00f1or Yang Wunan Antecedentes Fundador &amp; presidente honorario de TCI Licenciado de la facultado de econom\u00eda de la Universidad de Taiw\u00e1n... F\u00e1brica ODM de dise\u00f1o de alimentos de cuidado de salud\/mascarillas faciales y alimentos de cuidado de piel","breadcrumb":{"@id":"https:\/\/www.tci-bio.com\/es\/fundador\/#breadcrumb"},"inLanguage":"es","potentialAction":[{"@type":"ReadAction","target":["https:\/\/www.tci-bio.com\/es\/fundador\/"]}]},{"@type":"ImageObject","inLanguage":"es","@id":"https:\/\/www.tci-bio.com\/es\/fundador\/#primaryimage","url":"https:\/\/www.tci-bio.com\/wp-content\/uploads\/2022\/02\/2E5A8419.jpg","contentUrl":"https:\/\/www.tci-bio.com\/wp-content\/uploads\/2022\/02\/2E5A8419.jpg"},{"@type":"BreadcrumbList","@id":"https:\/\/www.tci-bio.com\/es\/fundador\/#breadcrumb","itemListElement":[{"@type":"ListItem","position":1,"name":"Home","item":"https:\/\/www.tci-bio.com\/es\/"},{"@type":"ListItem","position":2,"name":"Palabras del fundador"}]},{"@type":"WebSite","@id":"https:\/\/www.tci-bio.com\/es\/#website","url":"https:\/\/www.tci-bio.com\/es\/","name":"TCI","description":"F\u00e1brica ODM de dise\u00f1o de alimentos de cuidado de salud\/mascarillas faciales y alimentos de cuidado de piel","publisher":{"@id":"https:\/\/www.tci-bio.com\/es\/#organization"},"potentialAction":[{"@type":"SearchAction","target":{"@type":"EntryPoint","urlTemplate":"https:\/\/www.tci-bio.com\/es\/?s={search_term_string}"},"query-input":{"@type":"PropertyValueSpecification","valueRequired":true,"valueName":"search_term_string"}}],"inLanguage":"es"},{"@type":"Organization","@id":"https:\/\/www.tci-bio.com\/es\/#organization","name":"TCI Co., Ltd (\u5927\u6c5f\u751f\u91ab\u80a1\u4efd\u6709\u9650\u516c\u53f8)","url":"https:\/\/www.tci-bio.com\/es\/","logo":{"@type":"ImageObject","inLanguage":"es","@id":"https:\/\/www.tci-bio.com\/es\/#\/schema\/logo\/image\/","url":"https:\/\/www.tci-bio.com\/wp-content\/uploads\/2022\/04\/TCI_Group_logo-2.svg","contentUrl":"https:\/\/www.tci-bio.com\/wp-content\/uploads\/2022\/04\/TCI_Group_logo-2.svg","width":120,"height":60,"caption":"TCI Co., Ltd (\u5927\u6c5f\u751f\u91ab\u80a1\u4efd\u6709\u9650\u516c\u53f8)"},"image":{"@id":"https:\/\/www.tci-bio.com\/es\/#\/schema\/logo\/image\/"},"sameAs":["https:\/\/www.facebook.com\/tci.bio\/","https:\/\/www.linkedin.com\/company\/tci-co-ltd\/","https:\/\/www.youtube.com\/user\/tcino1","https:\/\/zh.wikipedia.org\/wiki\/\u5927\u6c5f\u751f\u91ab"]}]}},"_links":{"self":[{"href":"https:\/\/www.tci-bio.com\/es\/wp-json\/wp\/v2\/pages\/1348632","targetHints":{"allow":["GET"]}}],"collection":[{"href":"https:\/\/www.tci-bio.com\/es\/wp-json\/wp\/v2\/pages"}],"about":[{"href":"https:\/\/www.tci-bio.com\/es\/wp-json\/wp\/v2\/types\/page"}],"author":[{"embeddable":true,"href":"https:\/\/www.tci-bio.com\/es\/wp-json\/wp\/v2\/users\/4"}],"replies":[{"embeddable":true,"href":"https:\/\/www.tci-bio.com\/es\/wp-json\/wp\/v2\/comments?post=1348632"}],"version-history":[{"count":4,"href":"https:\/\/www.tci-bio.com\/es\/wp-json\/wp\/v2\/pages\/1348632\/revisions"}],"predecessor-version":[{"id":1348645,"href":"https:\/\/www.tci-bio.com\/es\/wp-json\/wp\/v2\/pages\/1348632\/revisions\/1348645"}],"wp:attachment":[{"href":"https:\/\/www.tci-bio.com\/es\/wp-json\/wp\/v2\/media?parent=1348632"}],"curies":[{"name":"wp","href":"https:\/\/api.w.org\/{rel}","templated":true}]}}